{"id":136,"date":"2021-12-27T13:11:01","date_gmt":"2021-12-27T13:11:01","guid":{"rendered":"https:\/\/polisur.com.uy\/pls\/?page_id=136"},"modified":"2024-06-04T13:31:22","modified_gmt":"2024-06-04T13:31:22","slug":"quienes-somos","status":"publish","type":"page","link":"https:\/\/polisur.com.uy\/pls\/quienes-somos\/","title":{"rendered":"Quienes somos"},"content":{"rendered":"<div id=\"tdi_1\" class=\"tdc-zone\"><div class=\"tdc_zone tdi_2  wpb_row td-pb-row\"  >\n<style scoped>\n\n\/* custom css *\/\n.tdi_2{\r\n                    min-height: 0;\r\n                }\n<\/style><div id=\"tdi_3\" class=\"tdc-row\"><div class=\"vc_row tdi_4  wpb_row td-pb-row\" >\n<style scoped>\n\n\/* custom css *\/\n.tdi_4,\r\n                .tdi_4 .tdc-columns{\r\n                    min-height: 0;\r\n                }.tdi_4,\r\n\t\t\t\t.tdi_4 .tdc-columns{\r\n\t\t\t\t    display: block;\r\n\t\t\t\t}.tdi_4 .tdc-columns{\r\n\t\t\t\t    width: 100%;\r\n\t\t\t\t}\n<\/style><div class=\"vc_column tdi_6  wpb_column vc_column_container tdc-column td-pb-span12\">\n<style scoped>\n\n\/* custom css *\/\n.tdi_6{\r\n                    vertical-align: baseline;\r\n                }.tdi_6 > .wpb_wrapper,\r\n\t\t\t\t.tdi_6 > .wpb_wrapper > .tdc-elements{\r\n\t\t\t\t    display: block;\r\n\t\t\t\t}.tdi_6 > .wpb_wrapper > .tdc-elements{\r\n\t\t\t\t    width: 100%;\r\n\t\t\t\t}.tdi_6 > .wpb_wrapper > .vc_row_inner{\r\n\t\t\t\t    width: auto;\r\n\t\t\t\t}.tdi_6 > .wpb_wrapper{\r\n\t\t\t\t    width: auto;\r\n\t\t\t\t    height: auto;\r\n\t\t\t\t}\n<\/style><div class=\"wpb_wrapper\"><\/div><\/div><\/div><\/div><div id=\"tdi_7\" class=\"tdc-row stretch_row_1200 td-stretch-content\"><div class=\"vc_row tdi_8  wpb_row td-pb-row tdc-element-style\" >\n<style scoped>\n\n\/* custom css *\/\n.tdi_8,\r\n                .tdi_8 .tdc-columns{\r\n                    min-height: 0;\r\n                }.tdi_8,\r\n\t\t\t\t.tdi_8 .tdc-columns{\r\n\t\t\t\t    display: block;\r\n\t\t\t\t}.tdi_8 .tdc-columns{\r\n\t\t\t\t    width: 100%;\r\n\t\t\t\t}\n\/* inline tdc_css att *\/\n\n.tdi_8{\nmargin-top:-100px !important;\npadding-top:260px !important;\npadding-right:10% !important;\npadding-bottom:280px !important;\npadding-left:10% !important;\nposition:relative;\n}\n\n.tdi_8 .td_block_wrap{ text-align:left }\n\n\/* landscape *\/\n@media (min-width: 1019px) and (max-width: 1140px)\n{\n.tdi_8{\npadding-top:160px !important;\npadding-bottom:180px !important;\n}\n}\n\n\/* portrait *\/\n@media (min-width: 768px) and (max-width: 1018px)\n{\n.tdi_8{\npadding-top:160px !important;\npadding-bottom:180px !important;\n}\n}\n\n\/* phone *\/\n@media (max-width: 767px)\n{\n.tdi_8{\nmargin-top:0px !important;\npadding-top:120px !important;\npadding-right:10px !important;\npadding-bottom:80px !important;\npadding-left:10px !important;\n}\n}\n\n<\/style>\n<div class=\"tdi_7_rand_style td-element-style\" ><div class=\"td-element-style-before\"><style>\n.tdi_7_rand_style > .td-element-style-before {\ncontent:'' !important;\nwidth:100% !important;\nheight:100% !important;\nposition:absolute !important;\ntop:0 !important;\nleft:0 !important;\ndisplay:block !important;\nz-index:0 !important;\nbackground-image:url(\"https:\/\/polisur.com.uy\/pls\/wp-content\/uploads\/2024\/06\/WhatsApp-Image-2024-06-03-at-16.34.51.jpeg\") !important;\nbackground-position:center center !important;\nbackground-size:cover !important;\n}\n<\/style><\/div><style> \n.tdi_7_rand_style::after {\ncontent:'' !important;\nwidth:100% !important;\nheight:100% !important;\nposition:absolute !important;\ntop:0 !important;\nleft:0 !important;\nz-index:0 !important;\ndisplay:block !important;\nbackground: linear-gradient(rgba(0,0,0,0.6), rgba(0,0,0,0.7)) !important;\n}\n<\/style><\/div><div class=\"vc_column tdi_10  wpb_column vc_column_container tdc-column td-pb-span12\">\n<style scoped>\n\n\/* custom css *\/\n.tdi_10{\r\n                    vertical-align: baseline;\r\n                }.tdi_10 > .wpb_wrapper,\r\n\t\t\t\t.tdi_10 > .wpb_wrapper > .tdc-elements{\r\n\t\t\t\t    display: block;\r\n\t\t\t\t}.tdi_10 > .wpb_wrapper > .tdc-elements{\r\n\t\t\t\t    width: 100%;\r\n\t\t\t\t}.tdi_10 > .wpb_wrapper > .vc_row_inner{\r\n\t\t\t\t    width: auto;\r\n\t\t\t\t}.tdi_10 > .wpb_wrapper{\r\n\t\t\t\t    width: auto;\r\n\t\t\t\t    height: auto;\r\n\t\t\t\t}\n<\/style><div class=\"wpb_wrapper\"><div class=\"tdm_block td_block_wrap tdm_block_column_title tdi_11 tdm-content-horiz-center td-pb-border-top td_block_template_8 tdc-no-posts\"  data-td-block-uid=\"tdi_11\" >\n<style>\n\/* custom css *\/\n.tdm_block_column_title{\r\n                  margin-bottom: 0;\r\n                  display: inline-block;\r\n                  width: 100%;\r\n                }\n<\/style><div class=\"td-block-row\"><div class=\"td-block-span12 tdm-col\">\n<style>\n.tdi_12 .tdm-title{\r\n\t\t\t\t\tcolor: #ffffff;\r\n\t\t\t\t\r\n\t\t\t\t\tfont-family:Roboto !important;font-size:60px !important;\r\n\t\t\t\t}body .tdi_12 .tdm-title-line:after{\r\n\t\t\t\t\tbackground: #f9b800;\r\n\t\t\t\t}.tdi_12 .tdm-title-line{\r\n\t\t\t\t\twidth: 100px;\r\n\t\t\t\t\r\n\t\t\t\t\theight: 29px;\r\n\t\t\t\t}.tdi_11:hover .tdi_12 .tdm-title-line{\r\n\t\t\t\t\twidth: 120px;\r\n\t\t\t\t}.tdi_12 .tdm-title-line:after{\r\n\t\t\t\t\theight: 2px;\r\n\t\t\t\t\r\n\t\t\t\t\tbottom: 0%;\r\n\t\t\t\t}\n\n\/* phone *\/\n@media (max-width: 767px){\n.tdi_12 .tdm-title{\r\n\t\t\t\t\tfont-family:Roboto !important;font-size:28px !important;line-height:34px !important;\r\n\t\t\t\t}\n}\n<\/style><div class=\"tds-title tds-title2 td-fix-index tdi_12\"><h3 class=\"tdm-title tdm-title-bg\">NOSOTROS<\/h3><div class=\"tdm-title-line\"><\/div><\/div><\/div><\/div><\/div><div class=\"tdm_block td_block_wrap tdm_block_column_title tdi_13 tdm-content-horiz-center td-pb-border-top td_block_template_8 tdc-no-posts\"  data-td-block-uid=\"tdi_13\" >\n<style>\n\n\/* inline tdc_css att *\/\n\n.tdi_13{\nmargin-top:-10px !important;\nmargin-bottom:20px !important;\npadding-right:18% !important;\npadding-left:18% !important;\n}\n\n\/* phone *\/\n@media (max-width: 767px)\n{\n.tdi_13{\npadding-right:20px !important;\npadding-left:20px !important;\n}\n}\n\n<\/style><div class=\"td-block-row\"><div class=\"td-block-span12 tdm-col\">\n<style>\nbody .tdi_14 .tdm-title{\r\n\t\t\t\t\tcolor: #ffffff;\r\n\t\t\t\t}.tdi_14 .tdm-title{\r\n\t\t\t\t\tfont-family:Roboto !important;font-size:20px !important;line-height:30px !important;font-weight:400 !important;\r\n\t\t\t\t}\n\n\/* phone *\/\n@media (max-width: 767px){\n.tdi_14 .tdm-title{\r\n\t\t\t\t\tfont-family:Roboto !important;font-size:14px !important;line-height:20px !important;font-weight:300 !important;\r\n\t\t\t\t}\n}\n<\/style><div class=\"tds-title tds-title1 td-fix-index tdi_14\"><h4 class=\"tdm-title tdm-title-sm\">Profesionales y Responsables<\/h4><\/div><\/div><\/div><\/div><\/div><\/div><\/div><\/div><div id=\"tdi_15\" class=\"tdc-row\"><div class=\"vc_row tdi_16  wpb_row td-pb-row\" >\n<style scoped>\n\n\/* custom css *\/\n.tdi_16,\r\n                .tdi_16 .tdc-columns{\r\n                    min-height: 0;\r\n                }.tdi_16,\r\n\t\t\t\t.tdi_16 .tdc-columns{\r\n\t\t\t\t    display: block;\r\n\t\t\t\t}.tdi_16 .tdc-columns{\r\n\t\t\t\t    width: 100%;\r\n\t\t\t\t}\n<\/style><div class=\"vc_column tdi_18  wpb_column vc_column_container tdc-column td-pb-span12\">\n<style scoped>\n\n\/* custom css *\/\n.tdi_18{\r\n                    vertical-align: baseline;\r\n                }.tdi_18 > .wpb_wrapper,\r\n\t\t\t\t.tdi_18 > .wpb_wrapper > .tdc-elements{\r\n\t\t\t\t    display: block;\r\n\t\t\t\t}.tdi_18 > .wpb_wrapper > .tdc-elements{\r\n\t\t\t\t    width: 100%;\r\n\t\t\t\t}.tdi_18 > .wpb_wrapper > .vc_row_inner{\r\n\t\t\t\t    width: auto;\r\n\t\t\t\t}.tdi_18 > .wpb_wrapper{\r\n\t\t\t\t    width: auto;\r\n\t\t\t\t    height: auto;\r\n\t\t\t\t}\n<\/style><div class=\"wpb_wrapper\"><\/div><\/div><\/div><\/div><div id=\"tdi_19\" class=\"tdc-row stretch_row_1200 td-stretch-content\"><div class=\"vc_row tdi_20  wpb_row td-pb-row\" >\n<style scoped>\n\n\/* custom css *\/\n.tdi_20,\r\n                .tdi_20 .tdc-columns{\r\n                    min-height: 0;\r\n                }.tdi_20,\r\n\t\t\t\t.tdi_20 .tdc-columns{\r\n\t\t\t\t    display: block;\r\n\t\t\t\t}.tdi_20 .tdc-columns{\r\n\t\t\t\t    width: 100%;\r\n\t\t\t\t}\n\/* inline tdc_css att *\/\n\n.tdi_20{\nmargin-bottom:100px !important;\n}\n\n.tdi_20 .td_block_wrap{ text-align:left }\n\n<\/style><div class=\"vc_column tdi_22  wpb_column vc_column_container tdc-column td-pb-span12\">\n<style scoped>\n\n\/* custom css *\/\n.tdi_22{\r\n                    vertical-align: baseline;\r\n                }.tdi_22 > .wpb_wrapper,\r\n\t\t\t\t.tdi_22 > .wpb_wrapper > .tdc-elements{\r\n\t\t\t\t    display: block;\r\n\t\t\t\t}.tdi_22 > .wpb_wrapper > .tdc-elements{\r\n\t\t\t\t    width: 100%;\r\n\t\t\t\t}.tdi_22 > .wpb_wrapper > .vc_row_inner{\r\n\t\t\t\t    width: auto;\r\n\t\t\t\t}.tdi_22 > .wpb_wrapper{\r\n\t\t\t\t    width: auto;\r\n\t\t\t\t    height: auto;\r\n\t\t\t\t}\n<\/style><div class=\"wpb_wrapper\"><div class=\"vc_row_inner tdi_24  vc_row vc_inner wpb_row td-pb-row\" >\n<style scoped>\n\n\/* custom css *\/\n.tdi_24{\r\n                    position: relative !important;\r\n                    top: 0;\r\n                    transform: none;\r\n                    -webkit-transform: none;\r\n                }.tdi_24,\r\n\t\t\t\t.tdi_24 .tdc-inner-columns{\r\n\t\t\t\t    display: block;\r\n\t\t\t\t}.tdi_24 .tdc-inner-columns{\r\n\t\t\t\t    width: 100%;\r\n\t\t\t\t}@media (min-width: 768px) {\r\n\t                .tdi_24 {\r\n\t                    margin-left: -0px;\r\n\t                    margin-right: -0px;\r\n\t                }\r\n\t                .tdi_24 .vc_column_inner {\r\n\t                    padding-left: 0px;\r\n\t                    padding-right: 0px;\r\n\t                }\r\n                }\n\/* inline tdc_css att *\/\n\n.tdi_24{\nmargin-top:-100px !important;\npadding-top:60px !important;\npadding-right:20px !important;\npadding-left:20px !important;\nbox-shadow:0 0 30px rgba(0,0,0,0.1) !important;\nposition:relative;\n}\n\n.tdi_24 .td_block_wrap{ text-align:left }\n\n\/* landscape *\/\n@media (min-width: 1019px) and (max-width: 1140px)\n{\n.tdi_24{\nbox-shadow:0 0 30px rgba(0,0,0,0.1) !important;\n}\n}\n\n\/* portrait *\/\n@media (min-width: 768px) and (max-width: 1018px)\n{\n.tdi_24{\npadding-top:34px !important;\nbox-shadow:0 0 30px rgba(0,0,0,0.1) !important;\n}\n}\n\n\/* phone *\/\n@media (max-width: 767px)\n{\n.tdi_24{\nmargin-top:0px !important;\npadding-top:40px !important;\npadding-right:10px !important;\npadding-left:10px !important;\nbox-shadow:0 0 30px rgba(0,0,0,0.1) !important;\n}\n}\n\n<\/style>\n<div class=\"tdi_23_rand_style td-element-style\" ><style>\n.tdi_23_rand_style{\nbackground-color:#3a3a3a !important;\n}\n <\/style><\/div><div class=\"vc_column_inner tdi_26  wpb_column vc_column_container tdc-inner-column td-pb-span12\">\n<style scoped>\n\n\/* custom css *\/\n.tdi_26{\r\n                    vertical-align: baseline;\r\n                }.tdi_26 .vc_column-inner > .wpb_wrapper,\r\n\t\t\t\t.tdi_26 .vc_column-inner > .wpb_wrapper .tdc-elements{\r\n\t\t\t\t    display: block;\r\n\t\t\t\t}.tdi_26 .vc_column-inner > .wpb_wrapper .tdc-elements{\r\n\t\t\t\t    width: 100%;\r\n\t\t\t\t}\n\/* inline tdc_css att *\/\n\n\/* phone *\/\n@media (max-width: 767px)\n{\n.tdi_26{\nwidth:50% !important;\ndisplay:inline-block !important;\nposition:relative;\n}\n}\n\n<\/style>\n<div class=\"tdi_25_rand_style td-element-style\" ><style>\n\/* phone *\/\n@media (max-width: 767px)\n{\n.tdi_25_rand_style{\nbackground-color:transparent !important;\n}\n}\n <\/style><\/div><div class=\"vc_column-inner\"><div class=\"wpb_wrapper\"><div class=\"tdm_block td_block_wrap tdm_block_column_title tdi_27 tdm-content-horiz-center td-pb-border-top td_block_template_8 tdc-no-posts\"  data-td-block-uid=\"tdi_27\" >\n<style>\n\n\/* inline tdc_css att *\/\n\n.tdi_27{\njustify-content:center !important;\ntext-align:center !important;\nposition:relative;\n}\n\n\/* phone *\/\n@media (max-width: 767px)\n{\n.tdi_27{\nmargin-bottom:20px !important;\npadding-left:50px !important;\n}\n}\n\n<\/style>\n<div class=\"tdi_27_rand_style td-element-style\">\n<div class=\"td-element-style-before\"><style>\n.tdi_27_rand_style > .td-element-style-before {\ncontent:'' !important;\nwidth:100% !important;\nheight:100% !important;\nposition:absolute !important;\ntop:0 !important;\nleft:0 !important;\ndisplay:block !important;\nz-index:0 !important;\nbackground-position:center center !important;\nbackground-size:cover !important;\n}\n<\/style><\/div><style> <\/style><\/div><div class=\"td-block-row\"><div class=\"td-block-span12 tdm-col\">\n<style>\nbody .tdi_28 .tdm-title{\r\n\t\t\t\t\tcolor: #ffffff;\r\n\t\t\t\t}\n<\/style><div class=\"tds-title tds-title1 td-fix-index tdi_28\"><h3 class=\"tdm-title tdm-title-md\">Somos una empresa especializada en Aislaci\u00f3n e Impermeabilizaci\u00f3n<br> con Poliuretano Proyectado Expandido. <\/h3><\/div><\/div><\/div><\/div><div class=\"wpb_wrapper td_block_separator td_block_wrap vc_separator tdi_30  td_separator_solid td_separator_align_center\"><span style=\"border-color:#f9b800;border-width:2px;width:30%;\"><\/span>\n<style scoped>\n\n\/* custom css *\/\n.td_block_separator{\r\n                  width: 100%;\r\n                  align-items: center;\r\n                  margin-bottom: 38px;\r\n                  padding-bottom: 10px;\r\n                }.td_block_separator span{\r\n                  position: relative;\r\n                  display: block;\r\n                  margin: 0 auto;\r\n                  width: 100%;\r\n                  height: 1px;\r\n                  border-top: 1px solid #EBEBEB;\r\n                }.td_separator_align_left span{\r\n                  margin-left: 0;\r\n                }.td_separator_align_right span{\r\n                  margin-right: 0;\r\n                }.td_separator_dashed span{\r\n                  border-top-style: dashed;\r\n                }.td_separator_dotted span{\r\n                  border-top-style: dotted;\r\n                }.td_separator_double span{\r\n                  height: 3px;\r\n                  border-bottom: 1px solid #EBEBEB;\r\n                }.td_separator_shadow > span{\r\n                  position: relative;\r\n                  height: 20px;\r\n                  overflow: hidden;\r\n                  border: 0;\r\n                  color: #EBEBEB;\r\n                }.td_separator_shadow > span > span{\r\n                  position: absolute;\r\n                  top: -30px;\r\n                  left: 0;\r\n                  right: 0;\r\n                  margin: 0 auto;\r\n                  height: 13px;\r\n                  width: 98%;\r\n                  border-radius: 100%;\r\n                }\n\/* inline tdc_css att *\/\n\n\/* phone *\/\n@media (max-width: 767px)\n{\n.tdi_30{\npadding-right:150px !important;\npadding-left:150px !important;\ndisplay:none !important;\n}\n}\n\n<\/style><\/div><div class=\"wpb_wrapper td_block_empty_space td_block_wrap vc_empty_space tdi_32 \"  style=\"height: 32px\">\n<style scoped>\n\n\/* inline tdc_css att *\/\n\n\/* phone *\/\n@media (max-width: 767px)\n{\n.tdi_32{\ndisplay:none !important;\n}\n}\n\n<\/style><\/div><\/div><\/div><\/div><\/div><div class=\"tdm_block td_block_wrap tdm_block_text_image tdi_33 td-animation-stack tdm-layout-12-12 tdm-content-horiz-center tdm-content-vert-center td-pb-border-top td_block_template_8 tdc-no-posts\"  data-td-block-uid=\"tdi_33\" >\n<style>\n\n\/* inline tdc_css att *\/\n\n.tdi_33{\nmargin-top:100px !important;\n}\n\n<\/style>\n<style>\n\/* custom css *\/\n.tdm_block_text_image .tdm-text-wrap{\r\n                  padding-top: 20px;\r\n                  padding-bottom: 20px;\r\n                }.tdm_block_text_image .tdm-descr{\r\n                  margin-bottom: 0;\r\n                }.tdm_block_text_image .tds-button{\r\n                  margin-top: 30px;\r\n                }.tdi_33 .tdm-descr{\r\n\t\t\t\t\tfont-size:14px !important;\r\n\t\t\t\t}@media (min-width: 767px) {\r\n                  .tdm_block_text_image.tdm-text-image-extend-img {\r\n                    margin-right: calc((-100vw + 100%) \/ 2);\r\n                  }\r\n                  .tdm_block_text_image.tdm-text-image-extend-img.tdm-flip-yes {\r\n                    margin-right: 0;\r\n                    margin-left: calc((-100vw + 100%) \/ 2);\r\n                  }\r\n                  .tdm_block_text_image.tdm-text-image-extend-img.tdm-flip-yes .tdm-col-img {\r\n                    text-align: right;\r\n                  }\r\n                }@media (max-width: 767px) {\r\n                  .tdm_block_text_image .tdm-col-img {\r\n                    margin-top: 36px;\r\n                  }\r\n                  .tdm_block_text_image.tdm-flip-yes .tdm-col-img {\r\n                    margin-top: 0;\r\n                    margin-bottom: 15px;\r\n                  }\r\n                }\n<\/style><div class=\"td-block-width tdm-fix-full\"><div class=\"td-block-row tdm-row\"><div class=\"td-block-span6 tdm-col\"><div class=\"tdm-text-wrap tdm-text-padding\">\n<style>\n\n<\/style><div class=\"tds-title tds-title1 td-fix-index tdi_34\"><h3 class=\"tdm-title tdm-title-md\">Personal Calificado<\/h3><\/div><p class=\"tdm-descr td-fix-index\">Contamos con personal t\u00e9cnico y calificado con experiencia para dar soluciones a cualquier proyecto o problema en su hogar con tecnolog\u00eda de \u00faltima generaci\u00f3n.<br><br>\nLa seriedad, profesionalismo, exigencia y altos est\u00e1ndares de calidad en cada uno de los proyectos son los valores que nos destacan por eso nuestros clientes nos prefieren.<\/p>\n<style>\n.tdi_35 .tdm-btn-text,\r\n\t\t\t\t.tdi_35 i{\r\n\t\t\t\t\tcolor: #000000;\r\n\t\t\t\t}.tdi_35 svg{\r\n\t\t\t\t    fill: #000000;\r\n\t\t\t\t}.tdi_35 svg *{\r\n\t\t\t\t    fill: inherit;\r\n\t\t\t\t}.tdi_35 .tdm-btn-icon:last-child{\r\n\t\t\t\t\tmargin-left: 14px;\r\n\t\t\t\t}\n<\/style><div class=\"tds-button td-fix-index\"><a \r\n                href=\"https:\/\/polisur.com.uy\/pls\/contacto\/\" \r\n                class=\"tds-button1 tdm-btn tdm-btn-lg tdi_35\" ><span class=\"tdm-btn-text\">Cont\u00e1ctenos<\/span><i class=\"tdm-btn-icon tdc-font-fa tdc-font-fa-chevron-right\"><\/i><\/a><\/div><\/div><\/div><div class=\"td-block-span6 tdm-col tdm-col-img\"><img class=\"tdm-image td-fix-index td-lazy-img\" data-type=\"image_tag\" data-img-url=\"https:\/\/polisur.com.uy\/pls\/wp-content\/uploads\/2021\/12\/trabajo.jpg\"  width=\"600\" height=\"400\"><\/div><\/div><\/div><\/div><\/div><\/div><\/div><\/div><div id=\"tdi_36\" class=\"tdc-row\"><div class=\"vc_row tdi_37  wpb_row td-pb-row\" >\n<style scoped>\n\n\/* custom css *\/\n.tdi_37,\r\n                .tdi_37 .tdc-columns{\r\n                    min-height: 0;\r\n                }.tdi_37,\r\n\t\t\t\t.tdi_37 .tdc-columns{\r\n\t\t\t\t    display: block;\r\n\t\t\t\t}.tdi_37 .tdc-columns{\r\n\t\t\t\t    width: 100%;\r\n\t\t\t\t}\n<\/style><div class=\"vc_column tdi_39  wpb_column vc_column_container tdc-column td-pb-span12\">\n<style scoped>\n\n\/* custom css *\/\n.tdi_39{\r\n                    vertical-align: baseline;\r\n                }.tdi_39 > .wpb_wrapper,\r\n\t\t\t\t.tdi_39 > .wpb_wrapper > .tdc-elements{\r\n\t\t\t\t    display: block;\r\n\t\t\t\t}.tdi_39 > .wpb_wrapper > .tdc-elements{\r\n\t\t\t\t    width: 100%;\r\n\t\t\t\t}.tdi_39 > .wpb_wrapper > .vc_row_inner{\r\n\t\t\t\t    width: auto;\r\n\t\t\t\t}.tdi_39 > .wpb_wrapper{\r\n\t\t\t\t    width: auto;\r\n\t\t\t\t    height: auto;\r\n\t\t\t\t}\n<\/style><div class=\"wpb_wrapper\"><\/div><\/div><\/div><\/div><div id=\"tdi_40\" class=\"tdc-row\"><div class=\"vc_row tdi_41  wpb_row td-pb-row\" >\n<style scoped>\n\n\/* custom css *\/\n.tdi_41,\r\n                .tdi_41 .tdc-columns{\r\n                    min-height: 0;\r\n                }.tdi_41,\r\n\t\t\t\t.tdi_41 .tdc-columns{\r\n\t\t\t\t    display: block;\r\n\t\t\t\t}.tdi_41 .tdc-columns{\r\n\t\t\t\t    width: 100%;\r\n\t\t\t\t}\n<\/style><div class=\"vc_column tdi_43  wpb_column vc_column_container tdc-column td-pb-span12\">\n<style scoped>\n\n\/* custom css *\/\n.tdi_43{\r\n                    vertical-align: baseline;\r\n                }.tdi_43 > .wpb_wrapper,\r\n\t\t\t\t.tdi_43 > .wpb_wrapper > .tdc-elements{\r\n\t\t\t\t    display: block;\r\n\t\t\t\t}.tdi_43 > .wpb_wrapper > .tdc-elements{\r\n\t\t\t\t    width: 100%;\r\n\t\t\t\t}.tdi_43 > .wpb_wrapper > .vc_row_inner{\r\n\t\t\t\t    width: auto;\r\n\t\t\t\t}.tdi_43 > .wpb_wrapper{\r\n\t\t\t\t    width: auto;\r\n\t\t\t\t    height: auto;\r\n\t\t\t\t}\n<\/style><div class=\"wpb_wrapper\"><div class=\"wpb_wrapper td_block_empty_space td_block_wrap vc_empty_space tdi_45 \"  style=\"height: 32px\"><\/div><div class=\"tdm_block td_block_wrap tdm_block_text_image tdi_46 td-animation-stack tdm-layout-12-12 tdm-content-horiz-center tdm-content-vert-center td-pb-border-top td_block_template_8 tdc-no-posts\"  data-td-block-uid=\"tdi_46\" >\n<style>\n\n\/* inline tdc_css att *\/\n\n\/* phone *\/\n@media (max-width: 767px)\n{\n.tdi_46{\nmargin-top:-100px !important;\n}\n}\n\n<\/style>\n<style>\n\/* custom css *\/\n.tdi_46 .tdm-descr{\r\n\t\t\t\t\tfont-size:14px !important;\r\n\t\t\t\t}\n<\/style><div class=\"td-block-width tdm-fix-full\"><div class=\"td-block-row tdm-row\"><div class=\"td-block-span6 tdm-col\"><div class=\"tdm-text-wrap tdm-text-padding\">\n<style>\n\n<\/style><div class=\"tds-title tds-title1 td-fix-index tdi_47\"><h3 class=\"tdm-title tdm-title-md\">Experiencia e Innovaci\u00f3n<\/h3><\/div><p class=\"tdm-descr td-fix-index\">Somos una empresa familiar que combina la experiencia y la innovaci\u00f3n permanente a trav\u00e9s de una mentalidad joven y de r\u00e1pida adaptaci\u00f3n a las nuevas tendencias.<br><br>\nUbicados en Montevideo trabajamos en todo el pa\u00eds.<\/p>\n<style>\n.tdi_48 .tdm-btn-text,\r\n\t\t\t\t.tdi_48 i{\r\n\t\t\t\t\tcolor: #000000;\r\n\t\t\t\t}.tdi_48 svg{\r\n\t\t\t\t    fill: #000000;\r\n\t\t\t\t}.tdi_48 svg *{\r\n\t\t\t\t    fill: inherit;\r\n\t\t\t\t}.tdi_48 .tdm-btn-icon:last-child{\r\n\t\t\t\t\tmargin-left: 14px;\r\n\t\t\t\t}\n<\/style><div class=\"tds-button td-fix-index\"><a \r\n                href=\"https:\/\/polisur.com.uy\/pls\/contacto\/\" \r\n                class=\"tds-button1 tdm-btn tdm-btn-lg tdi_48\" ><span class=\"tdm-btn-text\">Cont\u00e1ctenos<\/span><i class=\"tdm-btn-icon tdc-font-fa tdc-font-fa-chevron-right\"><\/i><\/a><\/div><\/div><\/div><div class=\"td-block-span6 tdm-col tdm-col-img\"><img class=\"tdm-image td-fix-index td-lazy-img\" data-type=\"image_tag\" data-img-url=\"https:\/\/polisur.com.uy\/pls\/wp-content\/uploads\/2021\/12\/imagen-de-fondo-de-web.jpg\"  width=\"1500\" height=\"948\"><\/div><\/div><\/div><\/div><div class=\"wpb_wrapper td_block_empty_space td_block_wrap vc_empty_space tdi_50 \"  style=\"height: 100px\"><\/div><\/div><\/div><\/div><\/div><\/div><\/div>","protected":false},"excerpt":{"rendered":"","protected":false},"author":1,"featured_media":0,"parent":0,"menu_order":0,"comment_status":"closed","ping_status":"closed","template":"page-pagebuilder-overlay.php","meta":{"footnotes":""},"class_list":["post-136","page","type-page","status-publish"],"_links":{"self":[{"href":"https:\/\/polisur.com.uy\/pls\/wp-json\/wp\/v2\/pages\/136","targetHints":{"allow":["GET"]}}],"collection":[{"href":"https:\/\/polisur.com.uy\/pls\/wp-json\/wp\/v2\/pages"}],"about":[{"href":"https:\/\/polisur.com.uy\/pls\/wp-json\/wp\/v2\/types\/page"}],"author":[{"embeddable":true,"href":"https:\/\/polisur.com.uy\/pls\/wp-json\/wp\/v2\/users\/1"}],"replies":[{"embeddable":true,"href":"https:\/\/polisur.com.uy\/pls\/wp-json\/wp\/v2\/comments?post=136"}],"version-history":[{"count":35,"href":"https:\/\/polisur.com.uy\/pls\/wp-json\/wp\/v2\/pages\/136\/revisions"}],"predecessor-version":[{"id":439,"href":"https:\/\/polisur.com.uy\/pls\/wp-json\/wp\/v2\/pages\/136\/revisions\/439"}],"wp:attachment":[{"href":"https:\/\/polisur.com.uy\/pls\/wp-json\/wp\/v2\/media?parent=136"}],"curies":[{"name":"wp","href":"https:\/\/api.w.org\/{rel}","templated":true}]}}